{"id":76,"date":"2021-08-30T22:37:08","date_gmt":"2021-08-30T22:37:08","guid":{"rendered":"https:\/\/cilvani.it\/?page_id=76"},"modified":"2024-03-04T13:35:58","modified_gmt":"2024-03-04T13:35:58","slug":"azienda-2","status":"publish","type":"page","link":"https:\/\/cilvani.it\/index.php\/azienda-2\/","title":{"rendered":"Azienda"},"content":{"rendered":"\t\t<div data-elementor-type=\"wp-page\" data-elementor-id=\"76\" class=\"elementor elementor-76\" data-elementor-post-type=\"page\">\n\t\t\t\t\t\t<section class=\"elementor-section elementor-top-section elementor-element elementor-element-a55e15e elementor-section-boxed elementor-section-height-default elementor-section-height-default\" data-id=\"a55e15e\" data-element_type=\"section\">\n\t\t\t\t\t\t<div class=\"elementor-container elementor-column-gap-default\">\n\t\t\t\t\t<div class=\"elementor-column elementor-col-100 elementor-top-column elementor-element elementor-element-53db63b\" data-id=\"53db63b\" data-element_type=\"column\">\n\t\t\t<div class=\"elementor-widget-wrap elementor-element-populated\">\n\t\t\t\t\t\t<div class=\"elementor-element elementor-element-7886411 elementor-widget elementor-widget-heading\" data-id=\"7886411\" data-element_type=\"widget\" data-widget_type=\"heading.default\">\n\t\t\t\t<div class=\"elementor-widget-container\">\n\t\t\t\t\t<span class=\"elementor-heading-title elementor-size-small\">\ud83d\udcde Tel. 0815317477 \/ 0815318996\n\ud83d\udce7 info@cilvani.it<\/span>\t\t\t\t<\/div>\n\t\t\t\t<\/div>\n\t\t\t\t\t<\/div>\n\t\t<\/div>\n\t\t\t\t\t<\/div>\n\t\t<\/section>\n\t\t\t\t<section class=\"elementor-section elementor-top-section elementor-element elementor-element-871f67f elementor-section-boxed elementor-section-height-default elementor-section-height-default\" data-id=\"871f67f\" data-element_type=\"section\" data-settings=\"{&quot;background_background&quot;:&quot;classic&quot;}\">\n\t\t\t\t\t\t<div class=\"elementor-container elementor-column-gap-default\">\n\t\t\t\t\t<div class=\"elementor-column elementor-col-100 elementor-top-column elementor-element elementor-element-66ed5c9\" data-id=\"66ed5c9\" data-element_type=\"column\">\n\t\t\t<div class=\"elementor-widget-wrap elementor-element-populated\">\n\t\t\t\t\t\t<div class=\"elementor-element elementor-element-0f167da elementor-widget elementor-widget-image\" data-id=\"0f167da\" data-element_type=\"widget\" data-widget_type=\"image.default\">\n\t\t\t\t<div class=\"elementor-widget-container\">\n\t\t\t\t\t\t\t\t\t\t\t\t\t\t\t<img decoding=\"async\" width=\"350\" height=\"120\" src=\"https:\/\/cilvani.it\/wp-content\/uploads\/2021\/08\/logo.png\" class=\"attachment-large size-large wp-image-11\" alt=\"\" srcset=\"https:\/\/cilvani.it\/wp-content\/uploads\/2021\/08\/logo.png 350w, https:\/\/cilvani.it\/wp-content\/uploads\/2021\/08\/logo-300x103.png 300w\" sizes=\"100vw\" \/>\t\t\t\t\t\t\t\t\t\t\t\t\t\t\t<\/div>\n\t\t\t\t<\/div>\n\t\t\t\t\t<\/div>\n\t\t<\/div>\n\t\t\t\t\t<\/div>\n\t\t<\/section>\n\t\t\t\t<section class=\"elementor-section elementor-top-section elementor-element elementor-element-2bbf7f3 elementor-section-boxed elementor-section-height-default elementor-section-height-default\" data-id=\"2bbf7f3\" data-element_type=\"section\">\n\t\t\t\t\t\t<div class=\"elementor-container elementor-column-gap-default\">\n\t\t\t\t\t<div class=\"elementor-column elementor-col-100 elementor-top-column elementor-element elementor-element-14e4835\" data-id=\"14e4835\" data-element_type=\"column\">\n\t\t\t<div class=\"elementor-widget-wrap elementor-element-populated\">\n\t\t\t\t\t\t<div class=\"elementor-element elementor-element-7a90e68 elementor-nav-menu__align-center elementor-nav-menu--dropdown-tablet elementor-nav-menu__text-align-aside elementor-nav-menu--toggle elementor-nav-menu--burger elementor-widget elementor-widget-nav-menu\" data-id=\"7a90e68\" data-element_type=\"widget\" data-settings=\"{&quot;layout&quot;:&quot;horizontal&quot;,&quot;submenu_icon&quot;:{&quot;value&quot;:&quot;&lt;i class=\\&quot;fas fa-caret-down\\&quot;&gt;&lt;\\\/i&gt;&quot;,&quot;library&quot;:&quot;fa-solid&quot;},&quot;toggle&quot;:&quot;burger&quot;}\" data-widget_type=\"nav-menu.default\">\n\t\t\t\t<div class=\"elementor-widget-container\">\n\t\t\t\t\t\t\t\t<nav class=\"elementor-nav-menu--main elementor-nav-menu__container elementor-nav-menu--layout-horizontal e--pointer-underline e--animation-fade\">\n\t\t\t\t<ul id=\"menu-1-7a90e68\" class=\"elementor-nav-menu\"><li class=\"menu-item menu-item-type-custom menu-item-object-custom menu-item-home menu-item-22\"><a href=\"https:\/\/cilvani.it\/\" class=\"elementor-item\">HOME<\/a><\/li>\n<li class=\"menu-item menu-item-type-post_type menu-item-object-page menu-item-79\"><a href=\"https:\/\/cilvani.it\/index.php\/azienda-2\/\" class=\"elementor-item\">AZIENDA<\/a><\/li>\n<li class=\"menu-item menu-item-type-post_type menu-item-object-page menu-item-80\"><a href=\"https:\/\/cilvani.it\/index.php\/contatti\/\" class=\"elementor-item\">CONTATTI<\/a><\/li>\n<\/ul>\t\t\t<\/nav>\n\t\t\t\t\t<div class=\"elementor-menu-toggle\" role=\"button\" tabindex=\"0\" aria-label=\"Menu Toggle\" aria-expanded=\"false\">\n\t\t\t<i aria-hidden=\"true\" role=\"presentation\" class=\"elementor-menu-toggle__icon--open eicon-menu-bar\"><\/i><i aria-hidden=\"true\" role=\"presentation\" class=\"elementor-menu-toggle__icon--close eicon-close\"><\/i>\t\t\t<span class=\"elementor-screen-only\">Menu<\/span>\n\t\t<\/div>\n\t\t\t\t\t<nav class=\"elementor-nav-menu--dropdown elementor-nav-menu__container\" aria-hidden=\"true\">\n\t\t\t\t<ul id=\"menu-2-7a90e68\" class=\"elementor-nav-menu\"><li class=\"menu-item menu-item-type-custom menu-item-object-custom menu-item-home menu-item-22\"><a href=\"https:\/\/cilvani.it\/\" class=\"elementor-item\" tabindex=\"-1\">HOME<\/a><\/li>\n<li class=\"menu-item menu-item-type-post_type menu-item-object-page menu-item-79\"><a href=\"https:\/\/cilvani.it\/index.php\/azienda-2\/\" class=\"elementor-item\" tabindex=\"-1\">AZIENDA<\/a><\/li>\n<li class=\"menu-item menu-item-type-post_type menu-item-object-page menu-item-80\"><a href=\"https:\/\/cilvani.it\/index.php\/contatti\/\" class=\"elementor-item\" tabindex=\"-1\">CONTATTI<\/a><\/li>\n<\/ul>\t\t\t<\/nav>\n\t\t\t\t\t\t<\/div>\n\t\t\t\t<\/div>\n\t\t\t\t\t<\/div>\n\t\t<\/div>\n\t\t\t\t\t<\/div>\n\t\t<\/section>\n\t\t\t\t<section class=\"elementor-section elementor-top-section elementor-element elementor-element-bf9de9d elementor-section-boxed elementor-section-height-default elementor-section-height-default\" data-id=\"bf9de9d\" data-element_type=\"section\">\n\t\t\t\t\t\t<div class=\"elementor-container elementor-column-gap-default\">\n\t\t\t\t\t<div class=\"elementor-column elementor-col-100 elementor-top-column elementor-element elementor-element-7fb3dac\" data-id=\"7fb3dac\" data-element_type=\"column\">\n\t\t\t<div class=\"elementor-widget-wrap elementor-element-populated\">\n\t\t\t\t\t\t<div class=\"elementor-element elementor-element-0545df5 elementor-widget elementor-widget-heading\" data-id=\"0545df5\" data-element_type=\"widget\" data-widget_type=\"heading.default\">\n\t\t\t\t<div class=\"elementor-widget-container\">\n\t\t\t\t\t<h2 class=\"elementor-heading-title elementor-size-xxl\">L' Azienda<\/h2>\t\t\t\t<\/div>\n\t\t\t\t<\/div>\n\t\t\t\t<div class=\"elementor-element elementor-element-3b48804 elementor-widget-divider--view-line elementor-widget elementor-widget-divider\" data-id=\"3b48804\" data-element_type=\"widget\" data-widget_type=\"divider.default\">\n\t\t\t\t<div class=\"elementor-widget-container\">\n\t\t\t\t\t\t\t<div class=\"elementor-divider\">\n\t\t\t<span class=\"elementor-divider-separator\">\n\t\t\t\t\t\t<\/span>\n\t\t<\/div>\n\t\t\t\t\t\t<\/div>\n\t\t\t\t<\/div>\n\t\t\t\t<div class=\"elementor-element elementor-element-59f2f18 elementor-widget elementor-widget-heading\" data-id=\"59f2f18\" data-element_type=\"widget\" data-widget_type=\"heading.default\">\n\t\t\t\t<div class=\"elementor-widget-container\">\n\t\t\t\t\t<h2 class=\"elementor-heading-title elementor-size-default\">Questo sito \u00e8 la sintesi dell'Azienda, dove spiccano doti particolari come : semplicit\u00e0, funzionalit\u00e0, professionalit\u00e0 e competitivit\u00e0.<br>Il marchio Cilvani contraddistingue e qualifica un sicuro punto di riferimento sul mercato italiano nel settore ferramenta, colori e bricolage.<br><br>Abbiamo realizzato questo nuovo strumento di lavoro per assecondare le esigenze di una clientela attenta alla qualit\u00e0 saltando passaggi<br>dispersivi, evidenziando e valorizzando cos\u00ec la vera essenza dell'azienda Cilvani.<br><br>La selezione diretta, qualificata e costante, degli articoli scelti per questo sito, ci classifica come \"specialisti\" del settore permettendo di<br>offrire un servizio di supporto a chi \u00e8 gi\u00e0 presente sul mercato da tempo e a chi intende sperimentare.<br><br>Questo progetto, perfettamente organizzato e curato in ogni dettaglio, vuole offrire alla clientela la possibilit\u00e0 di svincolare le proprie risorse<br>lavorative, concedendo a noi il piacere e l'orgoglio di crescere insieme puntando verso nuovi orizzonti.<br>\n<br>Un ringraziamento particolare a tutti coloro che credono in noi ed individuano nella nostra azienda un partner affidabile con il quale consolidare i propri affari.<\/h2>\t\t\t\t<\/div>\n\t\t\t\t<\/div>\n\t\t\t\t\t<\/div>\n\t\t<\/div>\n\t\t\t\t\t<\/div>\n\t\t<\/section>\n\t\t\t\t<section class=\"elementor-section elementor-top-section elementor-element elementor-element-538d8cf elementor-section-boxed elementor-section-height-default elementor-section-height-default\" data-id=\"538d8cf\" data-element_type=\"section\" data-settings=\"{&quot;background_background&quot;:&quot;classic&quot;}\">\n\t\t\t\t\t\t<div class=\"elementor-container elementor-column-gap-default\">\n\t\t\t\t\t<div class=\"elementor-column elementor-col-50 elementor-top-column elementor-element elementor-element-9c55f15\" data-id=\"9c55f15\" data-element_type=\"column\">\n\t\t\t<div class=\"elementor-widget-wrap elementor-element-populated\">\n\t\t\t\t\t\t<div class=\"elementor-element elementor-element-b144def elementor-widget elementor-widget-image\" data-id=\"b144def\" data-element_type=\"widget\" data-widget_type=\"image.default\">\n\t\t\t\t<div class=\"elementor-widget-container\">\n\t\t\t\t\t\t\t\t\t\t\t\t\t\t\t<img decoding=\"async\" width=\"350\" height=\"120\" src=\"https:\/\/cilvani.it\/wp-content\/uploads\/2021\/08\/logo.png\" class=\"attachment-large size-large wp-image-11\" alt=\"\" srcset=\"https:\/\/cilvani.it\/wp-content\/uploads\/2021\/08\/logo.png 350w, https:\/\/cilvani.it\/wp-content\/uploads\/2021\/08\/logo-300x103.png 300w\" sizes=\"100vw\" \/>\t\t\t\t\t\t\t\t\t\t\t\t\t\t\t<\/div>\n\t\t\t\t<\/div>\n\t\t\t\t<div class=\"elementor-element elementor-element-c2b94dd elementor-widget elementor-widget-heading\" data-id=\"c2b94dd\" data-element_type=\"widget\" data-widget_type=\"heading.default\">\n\t\t\t\t<div class=\"elementor-widget-container\">\n\t\t\t\t\t<h2 class=\"elementor-heading-title elementor-size-default\">Partita Iva 03418221218<br>\n\n Zona Ind.le Asi - Loc. Pascarola\n\n\n<br>80023 - CAIVANO (NA)\n\n<br>Tel. 0815317477 \/ 0815318996<br>\n\n\n\nordini@cilvani-it.preview-domain.com <br>info@cilvani-it.preview-domain.com<\/h2>\t\t\t\t<\/div>\n\t\t\t\t<\/div>\n\t\t\t\t\t<\/div>\n\t\t<\/div>\n\t\t\t\t<div class=\"elementor-column elementor-col-50 elementor-top-column elementor-element elementor-element-79be881\" data-id=\"79be881\" data-element_type=\"column\">\n\t\t\t<div class=\"elementor-widget-wrap elementor-element-populated\">\n\t\t\t\t\t\t<div class=\"elementor-element elementor-element-cc7f4ae elementor-widget elementor-widget-google_maps\" data-id=\"cc7f4ae\" data-element_type=\"widget\" data-widget_type=\"google_maps.default\">\n\t\t\t\t<div class=\"elementor-widget-container\">\n\t\t\t\t\t\t\t<div class=\"elementor-custom-embed\">\n\t\t\t<iframe loading=\"lazy\"\n\t\t\t\t\tsrc=\"https:\/\/maps.google.com\/maps?q=%20%20Zona%20Ind.le%20Asi%20-%20Loc.%20Pascarola&#038;t=m&#038;z=10&#038;output=embed&#038;iwloc=near\"\n\t\t\t\t\ttitle=\"  Zona Ind.le Asi - Loc. Pascarola\"\n\t\t\t\t\taria-label=\"  Zona Ind.le Asi - Loc. Pascarola\"\n\t\t\t><\/iframe>\n\t\t<\/div>\n\t\t\t\t\t\t<\/div>\n\t\t\t\t<\/div>\n\t\t\t\t\t<\/div>\n\t\t<\/div>\n\t\t\t\t\t<\/div>\n\t\t<\/section>\n\t\t\t\t<\/div>\n\t\t","protected":false},"excerpt":{"rendered":"<p>&#x1f4de; Tel. 0815317477 \/ 0815318996 &#x1f4e7; info@cilvani.it L&#8217; Azienda Questo sito \u00e8 la sintesi dell&#8217;Azienda, dove spiccano doti particolari come : semplicit\u00e0, funzionalit\u00e0, professionalit\u00e0 e competitivit\u00e0.Il marchio Cilvani contraddistingue e qualifica un sicuro punto di riferimento sul mercato italiano nel settore ferramenta, colori e bricolage. Abbiamo realizzato questo nuovo strumento di lavoro per assecondare le &hellip; <\/p>\n<p class=\"link-more\"><a href=\"https:\/\/cilvani.it\/index.php\/azienda-2\/\" class=\"more-link\">Leggi tutto<span class=\"screen-reader-text\"> &#8220;Azienda&#8221;<\/span><\/a><\/p>\n","protected":false},"author":1,"featured_media":0,"parent":0,"menu_order":0,"comment_status":"closed","ping_status":"closed","template":"elementor_canvas","meta":{"footnotes":""},"class_list":["post-76","page","type-page","status-publish","hentry"],"_links":{"self":[{"href":"https:\/\/cilvani.it\/index.php\/wp-json\/wp\/v2\/pages\/76","targetHints":{"allow":["GET"]}}],"collection":[{"href":"https:\/\/cilvani.it\/index.php\/wp-json\/wp\/v2\/pages"}],"about":[{"href":"https:\/\/cilvani.it\/index.php\/wp-json\/wp\/v2\/types\/page"}],"author":[{"embeddable":true,"href":"https:\/\/cilvani.it\/index.php\/wp-json\/wp\/v2\/users\/1"}],"replies":[{"embeddable":true,"href":"https:\/\/cilvani.it\/index.php\/wp-json\/wp\/v2\/comments?post=76"}],"version-history":[{"count":0,"href":"https:\/\/cilvani.it\/index.php\/wp-json\/wp\/v2\/pages\/76\/revisions"}],"wp:attachment":[{"href":"https:\/\/cilvani.it\/index.php\/wp-json\/wp\/v2\/media?parent=76"}],"curies":[{"name":"wp","href":"https:\/\/api.w.org\/{rel}","templated":true}]}}